{"id":4382,"date":"2019-02-13T11:37:05","date_gmt":"2019-02-13T10:37:05","guid":{"rendered":"https:\/\/www.nekkerhalbrusselsnorth.com\/agenda\/"},"modified":"2022-10-19T15:46:28","modified_gmt":"2022-10-19T13:46:28","slug":"calendrier","status":"publish","type":"page","link":"https:\/\/www.nekkerhalbrusselsnorth.com\/fr\/calendrier\/","title":{"rendered":"Calendrier"},"content":{"rendered":"\t\t<div data-elementor-type=\"wp-post\" data-elementor-id=\"4382\" class=\"elementor elementor-4382 elementor-5\" data-elementor-post-type=\"page\">\n\t\t\t\t\t\t<section class=\"elementor-section elementor-top-section elementor-element elementor-element-2491c5a elementor-section-boxed elementor-section-height-default elementor-section-height-default\" data-id=\"2491c5a\" data-element_type=\"section\" data-settings=\"{&quot;background_background&quot;:&quot;classic&quot;}\">\n\t\t\t\t\t\t<div class=\"elementor-container elementor-column-gap-default\">\n\t\t\t\t\t<div class=\"elementor-column elementor-col-100 elementor-top-column elementor-element elementor-element-4940132 elementor-invisible\" data-id=\"4940132\" data-element_type=\"column\" data-settings=\"{&quot;animation&quot;:&quot;fadeIn&quot;}\">\n\t\t\t<div class=\"elementor-widget-wrap elementor-element-populated\">\n\t\t\t\t\t\t<div class=\"elementor-element elementor-element-98d3f58 elementor-widget elementor-widget-heading\" data-id=\"98d3f58\" data-element_type=\"widget\" data-widget_type=\"heading.default\">\n\t\t\t\t<div class=\"elementor-widget-container\">\n\t\t\t\t\t<h1 class=\"elementor-heading-title elementor-size-default\">Calendrier<\/h1>\t\t\t\t<\/div>\n\t\t\t\t<\/div>\n\t\t\t\t<div class=\"elementor-element elementor-element-7a02b14 elementor-widget elementor-widget-text-editor\" data-id=\"7a02b14\" data-element_type=\"widget\" data-widget_type=\"text-editor.default\">\n\t\t\t\t<div class=\"elementor-widget-container\">\n\t\t\t\t\t\t\t\t\tD\u00e9couvrez ci-dessous tous les \u00e9v\u00e9nements pr\u00e9vus \u00e0 Nekkerhal \u2013 Brussels North.\r\n\r\nUne question sur un \u00e9v\u00e9nement particulier\u00a0? Contactez l&#8217;organisateur en vous rendant sur le site en question.\t\t\t\t\t\t\t\t<\/div>\n\t\t\t\t<\/div>\n\t\t\t\t<div class=\"elementor-element elementor-element-b0973fd elementor-grid-3 elementor-grid-tablet-2 elementor-grid-mobile-1 elementor-card-shadow-yes elementor-posts__hover-gradient elementor-widget elementor-widget-posts\" data-id=\"b0973fd\" data-element_type=\"widget\" data-settings=\"{&quot;cards_event_columns&quot;:&quot;3&quot;,&quot;cards_event_columns_tablet&quot;:&quot;2&quot;,&quot;cards_event_columns_mobile&quot;:&quot;1&quot;,&quot;cards_event_row_gap&quot;:{&quot;unit&quot;:&quot;px&quot;,&quot;size&quot;:35,&quot;sizes&quot;:[]},&quot;cards_event_row_gap_tablet&quot;:{&quot;unit&quot;:&quot;px&quot;,&quot;size&quot;:&quot;&quot;,&quot;sizes&quot;:[]},&quot;cards_event_row_gap_mobile&quot;:{&quot;unit&quot;:&quot;px&quot;,&quot;size&quot;:&quot;&quot;,&quot;sizes&quot;:[]}}\" data-widget_type=\"posts.cards_event\">\n\t\t\t\t<div class=\"elementor-widget-container\">\n\t\t\t\t\t\t\t<div class=\"elementor-posts-container elementor-posts elementor-posts--skin-cards_event elementor-grid\" role=\"list\">\n\t\t        <div class=\"efv-event\">\n            <div class=\"efv-event__image\" style=\"background-image:url(https:\/\/easyfairsassets.com\/sites\/102\/2019\/12\/stoffen-2024-768x658.jpg)\">\n                <div class=\"efv-event__date\">\n                    <div class=\"efv-event-date\">\n                        <div class=\"efv-event-date__days\">\n                                                            <div class=\"efv-event-date__day efv-event-date__day--one\">14<\/div>\n                            \n                        <\/div>\n                        <div class=\"efv-event-date__month\">Mai 2026<\/div>\n                    <\/div>\n                <\/div>\n                            <\/div>\n            <div class=\"efv-event__body\">\n                <div class=\"efv-event-body\">\n                    <small style=\"color: #ddd;\">\n                        &nbsp\n\n                    <\/small>\n                    <h3 class=\"efv-event-body__title\">\n                        Le Spectacle des Tissus                    <\/h3>\n                                    <\/div>\n            <\/div>\n            <div class=\"efv-event__actions\">\n                                <a href=\"http:\/\/www.marchedutissu.com\/\" target=\"_blank\"\n                   class=\"efv-event-actions__action efv-event-actions__action--website\"\n                   style=\"background-color:#e40521\">Visiter le site<\/a>\n            <\/div>\n        <\/div>\n        \t\t<\/div>\n\t\t\n\t\t\t\t\t\t<\/div>\n\t\t\t\t<\/div>\n\t\t\t\t\t<\/div>\n\t\t<\/div>\n\t\t\t\t\t<\/div>\n\t\t<\/section>\n\t\t\t\t<\/div>\n\t\t","protected":false},"excerpt":{"rendered":"<p>Calendrier D\u00e9couvrez ci-dessous tous les \u00e9v\u00e9nements pr\u00e9vus \u00e0 Nekkerhal \u2013 Brussels North. Une question sur un \u00e9v\u00e9nement particulier\u00a0? Contactez l&#8217;organisateur en vous rendant sur le site en question.<\/p>\n","protected":false},"author":6,"featured_media":0,"parent":0,"menu_order":1,"comment_status":"closed","ping_status":"closed","template":"elementor_header_footer","meta":{"_seopress_robots_primary_cat":"","_seopress_titles_title":"Calendrier - Nekkerhal - Brussels North","_seopress_titles_desc":"D\u00e9couvrez tous les \u00e9v\u00e9nements et salons pr\u00e9vus \u00e0 Nekkerhal \u2013 Brussels North.","_seopress_robots_index":"","footnotes":""},"class_list":["post-4382","page","type-page","status-publish","hentry"],"_links":{"self":[{"href":"https:\/\/www.nekkerhalbrusselsnorth.com\/fr\/wp-json\/wp\/v2\/pages\/4382","targetHints":{"allow":["GET"]}}],"collection":[{"href":"https:\/\/www.nekkerhalbrusselsnorth.com\/fr\/wp-json\/wp\/v2\/pages"}],"about":[{"href":"https:\/\/www.nekkerhalbrusselsnorth.com\/fr\/wp-json\/wp\/v2\/types\/page"}],"author":[{"embeddable":true,"href":"https:\/\/www.nekkerhalbrusselsnorth.com\/fr\/wp-json\/wp\/v2\/users\/6"}],"replies":[{"embeddable":true,"href":"https:\/\/www.nekkerhalbrusselsnorth.com\/fr\/wp-json\/wp\/v2\/comments?post=4382"}],"version-history":[{"count":5,"href":"https:\/\/www.nekkerhalbrusselsnorth.com\/fr\/wp-json\/wp\/v2\/pages\/4382\/revisions"}],"predecessor-version":[{"id":8924,"href":"https:\/\/www.nekkerhalbrusselsnorth.com\/fr\/wp-json\/wp\/v2\/pages\/4382\/revisions\/8924"}],"wp:attachment":[{"href":"https:\/\/www.nekkerhalbrusselsnorth.com\/fr\/wp-json\/wp\/v2\/media?parent=4382"}],"curies":[{"name":"wp","href":"https:\/\/api.w.org\/{rel}","templated":true}]}}