{"id":4482,"date":"2019-02-13T11:57:47","date_gmt":"2019-02-13T10:57:47","guid":{"rendered":"https:\/\/www.nekkerhalbrusselsnorth.com\/newsletter\/"},"modified":"2020-06-15T12:25:38","modified_gmt":"2020-06-15T10:25:38","slug":"newsletter","status":"publish","type":"page","link":"https:\/\/www.nekkerhalbrusselsnorth.com\/fr\/newsletter\/","title":{"rendered":"newsletter"},"content":{"rendered":"\t\t<div data-elementor-type=\"wp-post\" data-elementor-id=\"4482\" class=\"elementor elementor-4482 elementor-4290\" data-elementor-post-type=\"page\">\n\t\t\t\t\t\t<section class=\"elementor-section elementor-top-section elementor-element elementor-element-ec2a40a elementor-section-boxed elementor-section-height-default elementor-section-height-default\" data-id=\"ec2a40a\" data-element_type=\"section\">\n\t\t\t\t\t\t<div class=\"elementor-container elementor-column-gap-default\">\n\t\t\t\t\t<div class=\"elementor-column elementor-col-100 elementor-top-column elementor-element elementor-element-fc8d622\" data-id=\"fc8d622\" data-element_type=\"column\">\n\t\t\t<div class=\"elementor-widget-wrap elementor-element-populated\">\n\t\t\t\t\t\t<div class=\"elementor-element elementor-element-b77e085 elementor-widget elementor-widget-text-editor\" data-id=\"b77e085\" data-element_type=\"widget\" data-widget_type=\"text-editor.default\">\n\t\t\t\t<div class=\"elementor-widget-container\">\n\t\t\t\t\t\t\t\t\t<h1 style=\"text-align: center;\">Abonnez-vous \u00e0 notre newsletter<\/h1>\n\t\t\t\t\t\t\t\t<\/div>\n\t\t\t\t<\/div>\n\t\t\t\t<div class=\"elementor-element elementor-element-287fa2c elementor-widget elementor-widget-text-editor\" data-id=\"287fa2c\" data-element_type=\"widget\" data-widget_type=\"text-editor.default\">\n\t\t\t\t<div class=\"elementor-widget-container\">\n\t\t\t\t\t\t\t\t\t<p class=\"Text\"><strong><span lang=\"FR-BE\">Vous voulez \u00eatre le premier \u00e0 \u00eatre inform\u00e9 de nos activit\u00e9s\u00a0?<\/span><\/strong><\/p>\n<p class=\"Text\">Plusieurs fois par an, Nekkehal envoie une newsletter contenant des informations int\u00e9ressantes et pr\u00e9sentant les \u00e9v\u00e9nements \u00e0 venir.<\/p>\n<p>C&#8217;est l&#8217;endroit incontournable tout au long de l&#8217;ann\u00e9e pour les sorties les plus divertissantes.<\/p>\n<p>Abonnez-vous \u00e0 notre newsletter et nous vous tiendrons inform\u00e9(e) !<\/p>\n\t\t\t\t\t\t\t\t<\/div>\n\t\t\t\t<\/div>\n\t\t\t\t\t<\/div>\n\t\t<\/div>\n\t\t\t\t\t<\/div>\n\t\t<\/section>\n\t\t\t\t<section class=\"elementor-section elementor-top-section elementor-element elementor-element-2363c0cc elementor-section-boxed elementor-section-height-default elementor-section-height-default\" data-id=\"2363c0cc\" data-element_type=\"section\" data-settings=\"{&quot;background_background&quot;:&quot;classic&quot;}\">\n\t\t\t\t\t\t<div class=\"elementor-container elementor-column-gap-wider\">\n\t\t\t\t\t<div class=\"elementor-column elementor-col-100 elementor-top-column elementor-element elementor-element-218f78f9\" data-id=\"218f78f9\" data-element_type=\"column\">\n\t\t\t<div class=\"elementor-widget-wrap elementor-element-populated\">\n\t\t\t\t\t\t<div class=\"elementor-element elementor-element-12e16ffc elementor-button-align-end elementor-widget elementor-widget-form\" data-id=\"12e16ffc\" data-element_type=\"widget\" data-settings=\"{&quot;step_next_label&quot;:&quot;Next&quot;,&quot;step_previous_label&quot;:&quot;Previous&quot;,&quot;step_type&quot;:&quot;number_text&quot;,&quot;step_icon_shape&quot;:&quot;circle&quot;}\" data-widget_type=\"form.default\">\n\t\t\t\t<div class=\"elementor-widget-container\">\n\t\t\t\t\t\t\t<form class=\"elementor-form\" method=\"post\" name=\"New Form\" aria-label=\"New Form\">\n\t\t\t<input type=\"hidden\" name=\"post_id\" value=\"4482\"\/>\n\t\t\t<input type=\"hidden\" name=\"form_id\" value=\"12e16ffc\"\/>\n\t\t\t<input type=\"hidden\" name=\"referer_title\" value=\"\" \/>\n\n\t\t\t\n\t\t\t<div class=\"elementor-form-fields-wrapper elementor-labels-above\">\n\t\t\t\t\t\t\t\t<div class=\"elementor-field-type-text elementor-field-group elementor-column elementor-field-group-firstname elementor-col-50 elementor-field-required\">\n\t\t\t\t\t\t\t\t\t\t\t\t<label for=\"form-field-firstname\" class=\"elementor-field-label\">\n\t\t\t\t\t\t\t\tPr\u00e9nom\t\t\t\t\t\t\t<\/label>\n\t\t\t\t\t\t\t\t\t\t\t\t\t\t<input size=\"1\" type=\"text\" name=\"form_fields[firstname]\" id=\"form-field-firstname\" class=\"elementor-field elementor-size-xs  elementor-field-textual\" required=\"required\">\n\t\t\t\t\t\t\t\t\t\t\t<\/div>\n\t\t\t\t\t\t\t\t<div class=\"elementor-field-type-text elementor-field-group elementor-column elementor-field-group-lastname elementor-col-50 elementor-field-required\">\n\t\t\t\t\t\t\t\t\t\t\t\t<label for=\"form-field-lastname\" class=\"elementor-field-label\">\n\t\t\t\t\t\t\t\tNom\t\t\t\t\t\t\t<\/label>\n\t\t\t\t\t\t\t\t\t\t\t\t\t\t<input size=\"1\" type=\"text\" name=\"form_fields[lastname]\" id=\"form-field-lastname\" class=\"elementor-field elementor-size-xs  elementor-field-textual\" required=\"required\">\n\t\t\t\t\t\t\t\t\t\t\t<\/div>\n\t\t\t\t\t\t\t\t<div class=\"elementor-field-type-email elementor-field-group elementor-column elementor-field-group-email elementor-col-100 elementor-field-required\">\n\t\t\t\t\t\t\t\t\t\t\t\t<label for=\"form-field-email\" class=\"elementor-field-label\">\n\t\t\t\t\t\t\t\tAdresse \u00e9lectronique\t\t\t\t\t\t\t<\/label>\n\t\t\t\t\t\t\t\t\t\t\t\t\t\t<input size=\"1\" type=\"email\" name=\"form_fields[email]\" id=\"form-field-email\" class=\"elementor-field elementor-size-xs  elementor-field-textual\" required=\"required\">\n\t\t\t\t\t\t\t\t\t\t\t<\/div>\n\t\t\t\t\t\t\t\t<div class=\"elementor-field-type-select elementor-field-group elementor-column elementor-field-group-languagecode elementor-col-50 elementor-field-required\">\n\t\t\t\t\t\t\t\t\t\t\t\t<label for=\"form-field-languagecode\" class=\"elementor-field-label\">\n\t\t\t\t\t\t\t\tLangue\t\t\t\t\t\t\t<\/label>\n\t\t\t\t\t\t\t\t<div class=\"elementor-field elementor-select-wrapper remove-before \">\n\t\t\t<div class=\"select-caret-down-wrapper\">\n\t\t\t\t<i aria-hidden=\"true\" class=\"eicon-caret-down\"><\/i>\t\t\t<\/div>\n\t\t\t<select name=\"form_fields[languagecode]\" id=\"form-field-languagecode\" class=\"elementor-field-textual elementor-size-xs\" required=\"required\">\n\t\t\t\t\t\t\t\t\t<option value=\"NL\">NL<\/option>\n\t\t\t\t\t\t\t\t\t<option value=\"FR \">FR<\/option>\n\t\t\t\t\t\t\t\t\t<option value=\"EN\">EN<\/option>\n\t\t\t\t\t\t\t<\/select>\n\t\t<\/div>\n\t\t\t\t\t\t<\/div>\n\t\t\t\t\t\t\t\t<div class=\"elementor-field-type-select elementor-field-group elementor-column elementor-field-group-sex elementor-col-50 elementor-field-required\">\n\t\t\t\t\t\t\t\t\t\t\t\t<label for=\"form-field-sex\" class=\"elementor-field-label\">\n\t\t\t\t\t\t\t\tSexe\t\t\t\t\t\t\t<\/label>\n\t\t\t\t\t\t\t\t<div class=\"elementor-field elementor-select-wrapper remove-before \">\n\t\t\t<div class=\"select-caret-down-wrapper\">\n\t\t\t\t<i aria-hidden=\"true\" class=\"eicon-caret-down\"><\/i>\t\t\t<\/div>\n\t\t\t<select name=\"form_fields[sex]\" id=\"form-field-sex\" class=\"elementor-field-textual elementor-size-xs\" required=\"required\">\n\t\t\t\t\t\t\t\t\t<option value=\"M\">M<\/option>\n\t\t\t\t\t\t\t\t\t<option value=\"V\">V<\/option>\n\t\t\t\t\t\t\t\t\t<option value=\"X\">X<\/option>\n\t\t\t\t\t\t\t<\/select>\n\t\t<\/div>\n\t\t\t\t\t\t<\/div>\n\t\t\t\t\t\t\t\t<div class=\"elementor-field-type-text elementor-field-group elementor-column elementor-field-group-street elementor-col-75\">\n\t\t\t\t\t\t\t\t\t\t\t\t<label for=\"form-field-street\" class=\"elementor-field-label\">\n\t\t\t\t\t\t\t\tRue\t\t\t\t\t\t\t<\/label>\n\t\t\t\t\t\t\t\t\t\t\t\t\t\t<input size=\"1\" type=\"text\" name=\"form_fields[street]\" id=\"form-field-street\" class=\"elementor-field elementor-size-xs  elementor-field-textual\">\n\t\t\t\t\t\t\t\t\t\t\t<\/div>\n\t\t\t\t\t\t\t\t<div class=\"elementor-field-type-text elementor-field-group elementor-column elementor-field-group-postalcode elementor-col-25\">\n\t\t\t\t\t\t\t\t\t\t\t\t<label for=\"form-field-postalcode\" class=\"elementor-field-label\">\n\t\t\t\t\t\t\t\tCode postal\t\t\t\t\t\t\t<\/label>\n\t\t\t\t\t\t\t\t\t\t\t\t\t\t<input size=\"1\" type=\"text\" name=\"form_fields[postalcode]\" id=\"form-field-postalcode\" class=\"elementor-field elementor-size-xs  elementor-field-textual\">\n\t\t\t\t\t\t\t\t\t\t\t<\/div>\n\t\t\t\t\t\t\t\t<div class=\"elementor-field-type-text elementor-field-group elementor-column elementor-field-group-city elementor-col-50\">\n\t\t\t\t\t\t\t\t\t\t\t\t<label for=\"form-field-city\" class=\"elementor-field-label\">\n\t\t\t\t\t\t\t\tVille\t\t\t\t\t\t\t<\/label>\n\t\t\t\t\t\t\t\t\t\t\t\t\t\t<input size=\"1\" type=\"text\" name=\"form_fields[city]\" id=\"form-field-city\" class=\"elementor-field elementor-size-xs  elementor-field-textual\">\n\t\t\t\t\t\t\t\t\t\t\t<\/div>\n\t\t\t\t\t\t\t\t<div class=\"elementor-field-type-date elementor-field-group elementor-column elementor-field-group-birthdate elementor-col-50\">\n\t\t\t\t\t\t\t\t\t\t\t\t<label for=\"form-field-birthdate\" class=\"elementor-field-label\">\n\t\t\t\t\t\t\t\tDate de naissance\t\t\t\t\t\t\t<\/label>\n\t\t\t\t\t\t\n\t\t<input type=\"date\" name=\"form_fields[birthdate]\" id=\"form-field-birthdate\" class=\"elementor-field elementor-size-xs  elementor-field-textual elementor-date-field\" placeholder=\"jjjj-mm-dd\" pattern=\"[0-9]{4}-[0-9]{2}-[0-9]{2}\">\n\t\t\t\t\t\t<\/div>\n\t\t\t\t\t\t\t\t<div class=\"elementor-field-type-radio elementor-field-group elementor-column elementor-field-group-policy elementor-col-100 elementor-field-required\">\n\t\t\t\t\t\t\t\t\t\t\t\t<label for=\"form-field-policy\" class=\"elementor-field-label\">\n\t\t\t\t\t\t\t\tPolitique de confidentialit\u00e9\t\t\t\t\t\t\t<\/label>\n\t\t\t\t\t\t<div class=\"elementor-field-subgroup  elementor-subgroup-inline\"><span class=\"elementor-field-option\"><input type=\"radio\" value=\"J&#039;ai lu &lt;a href=&quot;https:\/\/www.easyfairsgroup.com\/privacy-policy\/&quot; target=&quot;_blank&quot;&gt;la politique de confidentialit\u00e9&lt;\/a&gt; et je donne mon accord. Easyfairs s&#039;engage \u00e0 prot\u00e9ger vos donn\u00e9es personnelles. Dans notre Politique de confidentialit\u00e9 nous expliquons clairement comment nous collectons, conservons et g\u00e9rons vos informations. En vous inscrivant \u00e0 cette newsletter, vous nous autorisez \u00e0 utiliser vos donn\u00e9es de contact \u00e9lectroniques afin de vous envoyer des e-mails pertinents pour vous informer au sujet de nos \u00e9v\u00e9nements et produits li\u00e9s.\" id=\"form-field-policy-0\" name=\"form_fields[policy]\" required=\"required\"> <label for=\"form-field-policy-0\">J'ai lu <a href=\"https:\/\/www.easyfairsgroup.com\/privacy-policy\/\" target=\"_blank\">la politique de confidentialit\u00e9<\/a> et je donne mon accord. Easyfairs s'engage \u00e0 prot\u00e9ger vos donn\u00e9es personnelles. Dans notre Politique de confidentialit\u00e9 nous expliquons clairement comment nous collectons, conservons et g\u00e9rons vos informations. En vous inscrivant \u00e0 cette newsletter, vous nous autorisez \u00e0 utiliser vos donn\u00e9es de contact \u00e9lectroniques afin de vous envoyer des e-mails pertinents pour vous informer au sujet de nos \u00e9v\u00e9nements et produits li\u00e9s.<\/label><\/span><\/div>\t\t\t\t<\/div>\n\t\t\t\t\t\t\t\t<div class=\"elementor-field-type-recaptcha elementor-field-group elementor-column elementor-field-group-captcha elementor-col-100\">\n\t\t\t\t\t<div class=\"elementor-field\" id=\"form-field-captcha\"><div class=\"elementor-g-recaptcha\" data-sitekey=\"6LcU124UAAAAACQVObvXamKQJkWicfQUQW9aTdHD\" data-type=\"v2_checkbox\" data-theme=\"light\" data-size=\"normal\"><\/div><\/div>\t\t\t\t<\/div>\n\t\t\t\t\t\t\t\t<div class=\"elementor-field-group elementor-column elementor-field-type-submit elementor-col-100 e-form__buttons\">\n\t\t\t\t\t<button class=\"elementor-button elementor-size-sm\" type=\"submit\">\n\t\t\t\t\t\t<span class=\"elementor-button-content-wrapper\">\n\t\t\t\t\t\t\t\t\t\t\t\t\t\t\t<span class=\"elementor-button-icon\">\n\t\t\t\t\t\t\t\t\t<i aria-hidden=\"true\" class=\"fas fa-paper-plane\"><\/i>\t\t\t\t\t\t\t\t\t\t\t\t\t\t\t\t\t<\/span>\n\t\t\t\t\t\t\t\t\t\t\t\t\t\t\t\t\t\t\t\t\t\t<span class=\"elementor-button-text\">confirmer<\/span>\n\t\t\t\t\t\t\t\t\t\t\t\t\t<\/span>\n\t\t\t\t\t<\/button>\n\t\t\t\t<\/div>\n\t\t\t<\/div>\n\t\t<\/form>\n\t\t\t\t\t\t<\/div>\n\t\t\t\t<\/div>\n\t\t\t\t\t<\/div>\n\t\t<\/div>\n\t\t\t\t\t<\/div>\n\t\t<\/section>\n\t\t\t\t<\/div>\n\t\t","protected":false},"excerpt":{"rendered":"<p>Abonnez-vous \u00e0 notre newsletter Vous voulez \u00eatre le premier \u00e0 \u00eatre inform\u00e9 de nos activit\u00e9s\u00a0? Plusieurs fois par an, Nekkehal envoie une newsletter contenant des informations int\u00e9ressantes et pr\u00e9sentant les \u00e9v\u00e9nements \u00e0 venir. C&#8217;est l&#8217;endroit incontournable tout au long de l&#8217;ann\u00e9e pour les sorties les plus divertissantes. Abonnez-vous \u00e0 notre newsletter et nous vous tiendrons [&hellip;]<\/p>\n","protected":false},"author":933,"featured_media":0,"parent":0,"menu_order":0,"comment_status":"closed","ping_status":"closed","template":"","meta":{"_seopress_robots_primary_cat":"","_seopress_titles_title":"Abonnez-vous \u00e0 notre newsletter - Nekkerhal - Brussels North","_seopress_titles_desc":"Vous voulez \u00eatre le premier \u00e0 \u00eatre inform\u00e9 de nos activit\u00e9s ? Plusieurs fois par an, Nekkehal envoie une newsletter contenant des informations int\u00e9ressantes et pr\u00e9sentant les \u00e9v\u00e9nements \u00e0 venir.","_seopress_robots_index":"","footnotes":""},"class_list":["post-4482","page","type-page","status-publish","hentry"],"_links":{"self":[{"href":"https:\/\/www.nekkerhalbrusselsnorth.com\/fr\/wp-json\/wp\/v2\/pages\/4482","targetHints":{"allow":["GET"]}}],"collection":[{"href":"https:\/\/www.nekkerhalbrusselsnorth.com\/fr\/wp-json\/wp\/v2\/pages"}],"about":[{"href":"https:\/\/www.nekkerhalbrusselsnorth.com\/fr\/wp-json\/wp\/v2\/types\/page"}],"author":[{"embeddable":true,"href":"https:\/\/www.nekkerhalbrusselsnorth.com\/fr\/wp-json\/wp\/v2\/users\/933"}],"replies":[{"embeddable":true,"href":"https:\/\/www.nekkerhalbrusselsnorth.com\/fr\/wp-json\/wp\/v2\/comments?post=4482"}],"version-history":[{"count":11,"href":"https:\/\/www.nekkerhalbrusselsnorth.com\/fr\/wp-json\/wp\/v2\/pages\/4482\/revisions"}],"predecessor-version":[{"id":7494,"href":"https:\/\/www.nekkerhalbrusselsnorth.com\/fr\/wp-json\/wp\/v2\/pages\/4482\/revisions\/7494"}],"wp:attachment":[{"href":"https:\/\/www.nekkerhalbrusselsnorth.com\/fr\/wp-json\/wp\/v2\/media?parent=4482"}],"curies":[{"name":"wp","href":"https:\/\/api.w.org\/{rel}","templated":true}]}}