{"id":6199,"date":"2020-05-26T13:07:25","date_gmt":"2020-05-26T11:07:25","guid":{"rendered":"https:\/\/www.nekkerhalbrusselsnorth.com\/?page_id=6199"},"modified":"2026-03-12T11:37:40","modified_gmt":"2026-03-12T10:37:40","slug":"a-propos","status":"publish","type":"page","link":"https:\/\/www.nekkerhalbrusselsnorth.com\/fr\/a-propos\/","title":{"rendered":"A propos de Nekkerhal"},"content":{"rendered":"\t\t<div data-elementor-type=\"wp-post\" data-elementor-id=\"6199\" class=\"elementor elementor-6199 elementor-6197\" data-elementor-post-type=\"page\">\n\t\t\t\t\t\t<section class=\"elementor-section elementor-top-section elementor-element elementor-element-e92ea46 elementor-section-content-middle elementor-section-boxed elementor-section-height-default elementor-section-height-default\" data-id=\"e92ea46\" data-element_type=\"section\">\n\t\t\t\t\t\t<div class=\"elementor-container elementor-column-gap-default\">\n\t\t\t\t\t<div class=\"elementor-column elementor-col-100 elementor-top-column elementor-element elementor-element-173e228\" data-id=\"173e228\" data-element_type=\"column\">\n\t\t\t<div class=\"elementor-widget-wrap elementor-element-populated\">\n\t\t\t\t\t\t<div class=\"elementor-element elementor-element-fdd46a9 elementor-nav-menu__align-center elementor-nav-menu--dropdown-mobile elementor-nav-menu__text-align-center elementor-widget elementor-widget-nav-menu\" data-id=\"fdd46a9\" data-element_type=\"widget\" data-settings=\"{&quot;layout&quot;:&quot;horizontal&quot;,&quot;submenu_icon&quot;:{&quot;value&quot;:&quot;&lt;i class=\\&quot;fas fa-caret-down\\&quot; aria-hidden=\\&quot;true\\&quot;&gt;&lt;\\\/i&gt;&quot;,&quot;library&quot;:&quot;fa-solid&quot;}}\" data-widget_type=\"nav-menu.default\">\n\t\t\t\t<div class=\"elementor-widget-container\">\n\t\t\t\t\t\t\t\t<nav aria-label=\"Menu\" class=\"elementor-nav-menu--main elementor-nav-menu__container elementor-nav-menu--layout-horizontal e--pointer-underline e--animation-slide\">\n\t\t\t\t<ul id=\"menu-1-fdd46a9\" class=\"elementor-nav-menu\"><li class=\"menu-item menu-item-type-post_type menu-item-object-page menu-item-7372\"><a href=\"https:\/\/www.nekkerhalbrusselsnorth.com\/fr\/a-propos\/\" class=\"elementor-item\">A propos de Nekkerhal<\/a><\/li>\n<li class=\"menu-item menu-item-type-post_type menu-item-object-page menu-item-7373\"><a href=\"https:\/\/www.nekkerhalbrusselsnorth.com\/fr\/a-propos\/actualites\/\" class=\"elementor-item\">Actualit\u00e9s<\/a><\/li>\n<li class=\"menu-item menu-item-type-post_type menu-item-object-page menu-item-5811\"><a href=\"https:\/\/www.nekkerhalbrusselsnorth.com\/fr\/a-propos\/faq\/\" class=\"elementor-item\">FAQ<\/a><\/li>\n<li class=\"menu-item menu-item-type-post_type menu-item-object-page menu-item-5810\"><a href=\"https:\/\/www.nekkerhalbrusselsnorth.com\/fr\/a-propos\/autres-sites\/\" class=\"elementor-item\">Autres Complexes<\/a><\/li>\n<\/ul>\t\t\t<\/nav>\n\t\t\t\t\t\t<nav class=\"elementor-nav-menu--dropdown elementor-nav-menu__container\" aria-hidden=\"true\">\n\t\t\t\t<ul id=\"menu-2-fdd46a9\" class=\"elementor-nav-menu\"><li class=\"menu-item menu-item-type-post_type menu-item-object-page menu-item-7372\"><a href=\"https:\/\/www.nekkerhalbrusselsnorth.com\/fr\/a-propos\/\" class=\"elementor-item\" tabindex=\"-1\">A propos de Nekkerhal<\/a><\/li>\n<li class=\"menu-item menu-item-type-post_type menu-item-object-page menu-item-7373\"><a href=\"https:\/\/www.nekkerhalbrusselsnorth.com\/fr\/a-propos\/actualites\/\" class=\"elementor-item\" tabindex=\"-1\">Actualit\u00e9s<\/a><\/li>\n<li class=\"menu-item menu-item-type-post_type menu-item-object-page menu-item-5811\"><a href=\"https:\/\/www.nekkerhalbrusselsnorth.com\/fr\/a-propos\/faq\/\" class=\"elementor-item\" tabindex=\"-1\">FAQ<\/a><\/li>\n<li class=\"menu-item menu-item-type-post_type menu-item-object-page menu-item-5810\"><a href=\"https:\/\/www.nekkerhalbrusselsnorth.com\/fr\/a-propos\/autres-sites\/\" class=\"elementor-item\" tabindex=\"-1\">Autres Complexes<\/a><\/li>\n<\/ul>\t\t\t<\/nav>\n\t\t\t\t\t\t<\/div>\n\t\t\t\t<\/div>\n\t\t\t\t\t<\/div>\n\t\t<\/div>\n\t\t\t\t\t<\/div>\n\t\t<\/section>\n\t\t\t\t<section class=\"elementor-section elementor-top-section elementor-element elementor-element-b86ca05 elementor-section-boxed elementor-section-height-default elementor-section-height-default\" data-id=\"b86ca05\" data-element_type=\"section\">\n\t\t\t\t\t\t<div class=\"elementor-container elementor-column-gap-default\">\n\t\t\t\t\t<div class=\"elementor-column elementor-col-100 elementor-top-column elementor-element elementor-element-7bc0d9f\" data-id=\"7bc0d9f\" data-element_type=\"column\">\n\t\t\t<div class=\"elementor-widget-wrap elementor-element-populated\">\n\t\t\t\t\t\t<div class=\"elementor-element elementor-element-ec933db elementor-widget elementor-widget-text-editor\" data-id=\"ec933db\" data-element_type=\"widget\" data-widget_type=\"text-editor.default\">\n\t\t\t\t<div class=\"elementor-widget-container\">\n\t\t\t\t\t\t\t\t\t<h1 style=\"text-align: center;\">La salle \u00e9v\u00e9nementielle par excellence<\/h1>\n<p><\/p>\n<h5 style=\"text-align: center;\">Une surface libre de 18.454 m\u00b2, unique en Europe<\/h5>\n\t\t\t\t\t\t\t\t<\/div>\n\t\t\t\t<\/div>\n\t\t\t\t\t<\/div>\n\t\t<\/div>\n\t\t\t\t\t<\/div>\n\t\t<\/section>\n\t\t\t\t<section class=\"elementor-section elementor-top-section elementor-element elementor-element-531b380 elementor-section-boxed elementor-section-height-default elementor-section-height-default\" data-id=\"531b380\" data-element_type=\"section\">\n\t\t\t\t\t\t<div class=\"elementor-container elementor-column-gap-default\">\n\t\t\t\t\t<div class=\"elementor-column elementor-col-100 elementor-top-column elementor-element elementor-element-4934b4c\" data-id=\"4934b4c\" data-element_type=\"column\">\n\t\t\t<div class=\"elementor-widget-wrap elementor-element-populated\">\n\t\t\t\t\t\t<div class=\"elementor-element elementor-element-ed31c0d elementor-widget elementor-widget-text-editor\" data-id=\"ed31c0d\" data-element_type=\"widget\" data-widget_type=\"text-editor.default\">\n\t\t\t\t<div class=\"elementor-widget-container\">\n\t\t\t\t\t\t\t\t\t<h2>Multifonction<\/h2>\n<p><\/p>\n<p class=\"Text\"><span lang=\"FR-BE\">Le caract\u00e8re multifonction du complexe en fait un lieu id\u00e9al pour l&#8217;organisation de tout type d&#8217;\u00e9v\u00e9nement. Qu&#8217;il s&#8217;agisse d&#8217;un salon, d&#8217;une pr\u00e9sentation de produit, d&#8217;une f\u00eate d&#8217;entreprise ou d&#8217;un \u00e9v\u00e9nement culturel ou sportif, Nekkerhal est votre partenaire de choix.<\/span><\/p>\n<h2>Flexible<\/h2>\n<p><\/p>\n<p class=\"Text\"><span lang=\"FR-BE\">La flexibilit\u00e9 de Nekkerhal permet des \u00e9v\u00e9nements sur mesure\u00a0: si l&#8217;organisateur souhaite un concept total, Nekkerhal se charge de tout, mais il peut \u00e9galement se contenter de louer Nekkerhal et de faire appel aux partenaires de son choix pour le tout le reste.<\/span><\/p>\n<h2>Facilement accessible<\/h2>\n<p><\/p>\n<p class=\"Text\"><span lang=\"FR-BE\">Nekkerhal est situ\u00e9 juste en dehors du centre-ville de Malines, jolie ville d&#8217;int\u00e9r\u00eat historique et culturel. Le site est facilement accessible via l&#8217;E19.<\/span><\/p>\n<p><\/p>\n<p class=\"Text\"><span lang=\"FR-BE\">Le parking compte 1.500 emplacements.<\/span><\/p>\n\t\t\t\t\t\t\t\t<\/div>\n\t\t\t\t<\/div>\n\t\t\t\t\t<\/div>\n\t\t<\/div>\n\t\t\t\t\t<\/div>\n\t\t<\/section>\n\t\t\t\t<section class=\"elementor-section elementor-top-section elementor-element elementor-element-1357a31 elementor-section-boxed elementor-section-height-default elementor-section-height-default\" data-id=\"1357a31\" data-element_type=\"section\" data-settings=\"{&quot;background_background&quot;:&quot;classic&quot;}\">\n\t\t\t\t\t\t<div class=\"elementor-container elementor-column-gap-wide\">\n\t\t\t\t\t<div class=\"elementor-column elementor-col-50 elementor-top-column elementor-element elementor-element-15ccd7b\" data-id=\"15ccd7b\" data-element_type=\"column\" data-settings=\"{&quot;background_background&quot;:&quot;classic&quot;}\">\n\t\t\t<div class=\"elementor-widget-wrap elementor-element-populated\">\n\t\t\t\t\t\t<div class=\"elementor-element elementor-element-30ff5fd elementor-view-default elementor-position-top elementor-mobile-position-top elementor-widget elementor-widget-icon-box\" data-id=\"30ff5fd\" data-element_type=\"widget\" data-widget_type=\"icon-box.default\">\n\t\t\t\t<div class=\"elementor-widget-container\">\n\t\t\t\t\t\t\t<div class=\"elementor-icon-box-wrapper\">\n\n\t\t\t\t\t\t<div class=\"elementor-icon-box-icon\">\n\t\t\t\t<span  class=\"elementor-icon\">\n\t\t\t\t<i aria-hidden=\"true\" class=\"fas fa-share\"><\/i>\t\t\t\t<\/span>\n\t\t\t<\/div>\n\t\t\t\n\t\t\t\t\t\t<div class=\"elementor-icon-box-content\">\n\n\t\t\t\t\t\t\t\t\t<h4 class=\"elementor-icon-box-title\">\n\t\t\t\t\t\t<span  >\n\t\t\t\t\t\t\tFaq\t\t\t\t\t\t<\/span>\n\t\t\t\t\t<\/h4>\n\t\t\t\t\n\t\t\t\t\n\t\t\t<\/div>\n\t\t\t\n\t\t<\/div>\n\t\t\t\t\t\t<\/div>\n\t\t\t\t<\/div>\n\t\t\t\t<div class=\"elementor-element elementor-element-b698c51 elementor-align-center elementor-widget elementor-widget-button\" data-id=\"b698c51\" data-element_type=\"widget\" data-widget_type=\"button.default\">\n\t\t\t\t<div class=\"elementor-widget-container\">\n\t\t\t\t\t\t\t\t\t<div class=\"elementor-button-wrapper\">\n\t\t\t\t\t<a class=\"elementor-button elementor-button-link elementor-size-sm\" href=\"https:\/\/www.nekkerhalbrusselsnorth.com\/fr\/a-propos\/faq\/\">\n\t\t\t\t\t\t<span class=\"elementor-button-content-wrapper\">\n\t\t\t\t\t\t<span class=\"elementor-button-icon\">\n\t\t\t\t<i aria-hidden=\"true\" class=\"fas fa-chevron-right\"><\/i>\t\t\t<\/span>\n\t\t\t\t\t\t\t\t\t<span class=\"elementor-button-text\">questions fr\u00e9quemment pos\u00e9es<\/span>\n\t\t\t\t\t<\/span>\n\t\t\t\t\t<\/a>\n\t\t\t\t<\/div>\n\t\t\t\t\t\t\t\t<\/div>\n\t\t\t\t<\/div>\n\t\t\t\t\t<\/div>\n\t\t<\/div>\n\t\t\t\t<div class=\"elementor-column elementor-col-50 elementor-top-column elementor-element elementor-element-cfd7514\" data-id=\"cfd7514\" data-element_type=\"column\" data-settings=\"{&quot;background_background&quot;:&quot;classic&quot;}\">\n\t\t\t<div class=\"elementor-widget-wrap elementor-element-populated\">\n\t\t\t\t\t\t<div class=\"elementor-element elementor-element-c51cf74 elementor-view-default elementor-position-top elementor-mobile-position-top elementor-widget elementor-widget-icon-box\" data-id=\"c51cf74\" data-element_type=\"widget\" data-widget_type=\"icon-box.default\">\n\t\t\t\t<div class=\"elementor-widget-container\">\n\t\t\t\t\t\t\t<div class=\"elementor-icon-box-wrapper\">\n\n\t\t\t\t\t\t<div class=\"elementor-icon-box-icon\">\n\t\t\t\t<span  class=\"elementor-icon\">\n\t\t\t\t<i aria-hidden=\"true\" class=\"fas fa-home\"><\/i>\t\t\t\t<\/span>\n\t\t\t<\/div>\n\t\t\t\n\t\t\t\t\t\t<div class=\"elementor-icon-box-content\">\n\n\t\t\t\t\t\t\t\t\t<h4 class=\"elementor-icon-box-title\">\n\t\t\t\t\t\t<span  >\n\t\t\t\t\t\t\tAutres sites\t\t\t\t\t\t<\/span>\n\t\t\t\t\t<\/h4>\n\t\t\t\t\n\t\t\t\t\n\t\t\t<\/div>\n\t\t\t\n\t\t<\/div>\n\t\t\t\t\t\t<\/div>\n\t\t\t\t<\/div>\n\t\t\t\t<div class=\"elementor-element elementor-element-584bf70 elementor-align-center elementor-widget elementor-widget-button\" data-id=\"584bf70\" data-element_type=\"widget\" data-widget_type=\"button.default\">\n\t\t\t\t<div class=\"elementor-widget-container\">\n\t\t\t\t\t\t\t\t\t<div class=\"elementor-button-wrapper\">\n\t\t\t\t\t<a class=\"elementor-button elementor-button-link elementor-size-sm\" href=\"https:\/\/www.nekkerhalbrusselsnorth.com\/fr\/a-propos\/autres-sites\/\">\n\t\t\t\t\t\t<span class=\"elementor-button-content-wrapper\">\n\t\t\t\t\t\t<span class=\"elementor-button-icon\">\n\t\t\t\t<i aria-hidden=\"true\" class=\"fas fa-chevron-right\"><\/i>\t\t\t<\/span>\n\t\t\t\t\t\t\t\t\t<span class=\"elementor-button-text\">voir nos autres lieux<\/span>\n\t\t\t\t\t<\/span>\n\t\t\t\t\t<\/a>\n\t\t\t\t<\/div>\n\t\t\t\t\t\t\t\t<\/div>\n\t\t\t\t<\/div>\n\t\t\t\t\t<\/div>\n\t\t<\/div>\n\t\t\t\t\t<\/div>\n\t\t<\/section>\n\t\t\t\t<section class=\"elementor-section elementor-top-section elementor-element elementor-element-0c3cf0d elementor-section-boxed elementor-section-height-default elementor-section-height-default\" data-id=\"0c3cf0d\" data-element_type=\"section\">\n\t\t\t\t\t\t<div class=\"elementor-container elementor-column-gap-default\">\n\t\t\t\t\t<div class=\"elementor-column elementor-col-100 elementor-top-column elementor-element elementor-element-ecf98f3\" data-id=\"ecf98f3\" data-element_type=\"column\">\n\t\t\t<div class=\"elementor-widget-wrap elementor-element-populated\">\n\t\t\t\t\t\t<div class=\"elementor-element elementor-element-2bdad99 elementor-widget elementor-widget-image\" data-id=\"2bdad99\" data-element_type=\"widget\" data-widget_type=\"image.default\">\n\t\t\t\t<div class=\"elementor-widget-container\">\n\t\t\t\t\t\t\t\t\t\t\t\t\t\t\t\t<a href=\"https:\/\/youreka-virtualtours.be\/tours\/easyfairs_nekkerhal\/\" target=\"_blank\">\n\t\t\t\t\t\t\t<img fetchpriority=\"high\" decoding=\"async\" width=\"800\" height=\"419\" src=\"https:\/\/easyfairsassets.com\/sites\/102\/2020\/06\/Visual-social-zonder-tekst-Nekkerhal-1024x536.png\" class=\"attachment-large size-large wp-image-7450\" alt=\"virtual tour Nekkerhal\" srcset=\"https:\/\/easyfairsassets.com\/sites\/102\/2020\/06\/Visual-social-zonder-tekst-Nekkerhal-1024x536.png 1024w, https:\/\/easyfairsassets.com\/sites\/102\/2020\/06\/Visual-social-zonder-tekst-Nekkerhal-300x157.png 300w, https:\/\/easyfairsassets.com\/sites\/102\/2020\/06\/Visual-social-zonder-tekst-Nekkerhal-768x402.png 768w, https:\/\/easyfairsassets.com\/sites\/102\/2020\/06\/Visual-social-zonder-tekst-Nekkerhal.png 1200w\" sizes=\"(max-width: 800px) 100vw, 800px\" \/>\t\t\t\t\t\t\t\t<\/a>\n\t\t\t\t\t\t\t\t\t\t\t\t\t\t\t<\/div>\n\t\t\t\t<\/div>\n\t\t\t\t<div class=\"elementor-element elementor-element-97433b5 elementor-align-center elementor-widget elementor-widget-button\" data-id=\"97433b5\" data-element_type=\"widget\" data-widget_type=\"button.default\">\n\t\t\t\t<div class=\"elementor-widget-container\">\n\t\t\t\t\t\t\t\t\t<div class=\"elementor-button-wrapper\">\n\t\t\t\t\t<a class=\"elementor-button elementor-button-link elementor-size-sm\" href=\"https:\/\/youreka-virtualtours.be\/tours\/easyfairs_nekkerhal\/?lang=FR\" target=\"_blank\">\n\t\t\t\t\t\t<span class=\"elementor-button-content-wrapper\">\n\t\t\t\t\t\t<span class=\"elementor-button-icon\">\n\t\t\t\t<i aria-hidden=\"true\" class=\"fas fa-chevron-right\"><\/i>\t\t\t<\/span>\n\t\t\t\t\t\t\t\t\t<span class=\"elementor-button-text\">entrez virtuellement sur notre site<\/span>\n\t\t\t\t\t<\/span>\n\t\t\t\t\t<\/a>\n\t\t\t\t<\/div>\n\t\t\t\t\t\t\t\t<\/div>\n\t\t\t\t<\/div>\n\t\t\t\t\t<\/div>\n\t\t<\/div>\n\t\t\t\t\t<\/div>\n\t\t<\/section>\n\t\t\t\t<\/div>\n\t\t","protected":false},"excerpt":{"rendered":"<p>La salle \u00e9v\u00e9nementielle par excellence Une surface libre de 18.454 m\u00b2, unique en Europe Multifonction Le caract\u00e8re multifonction du complexe en fait un lieu id\u00e9al pour l&#8217;organisation de tout type d&#8217;\u00e9v\u00e9nement. Qu&#8217;il s&#8217;agisse d&#8217;un salon, d&#8217;une pr\u00e9sentation de produit, d&#8217;une f\u00eate d&#8217;entreprise ou d&#8217;un \u00e9v\u00e9nement culturel ou sportif, Nekkerhal est votre partenaire de choix. Flexible [&hellip;]<\/p>\n","protected":false},"author":933,"featured_media":0,"parent":0,"menu_order":0,"comment_status":"closed","ping_status":"closed","template":"","meta":{"_seopress_robots_primary_cat":"","_seopress_titles_title":"A propos - Nekkerhal - Brussels North","_seopress_titles_desc":"Qu\u2019il s\u2019agisse d\u2019un salon, d\u2019une pr\u00e9sentation de produit, d\u2019une f\u00eate d\u2019entreprise ou d\u2019un \u00e9v\u00e9nement culturel ou sportif, Nekkerhal est votre partenaire de choix.","_seopress_robots_index":"","footnotes":""},"class_list":["post-6199","page","type-page","status-publish","hentry"],"_links":{"self":[{"href":"https:\/\/www.nekkerhalbrusselsnorth.com\/fr\/wp-json\/wp\/v2\/pages\/6199","targetHints":{"allow":["GET"]}}],"collection":[{"href":"https:\/\/www.nekkerhalbrusselsnorth.com\/fr\/wp-json\/wp\/v2\/pages"}],"about":[{"href":"https:\/\/www.nekkerhalbrusselsnorth.com\/fr\/wp-json\/wp\/v2\/types\/page"}],"author":[{"embeddable":true,"href":"https:\/\/www.nekkerhalbrusselsnorth.com\/fr\/wp-json\/wp\/v2\/users\/933"}],"replies":[{"embeddable":true,"href":"https:\/\/www.nekkerhalbrusselsnorth.com\/fr\/wp-json\/wp\/v2\/comments?post=6199"}],"version-history":[{"count":5,"href":"https:\/\/www.nekkerhalbrusselsnorth.com\/fr\/wp-json\/wp\/v2\/pages\/6199\/revisions"}],"predecessor-version":[{"id":11797,"href":"https:\/\/www.nekkerhalbrusselsnorth.com\/fr\/wp-json\/wp\/v2\/pages\/6199\/revisions\/11797"}],"wp:attachment":[{"href":"https:\/\/www.nekkerhalbrusselsnorth.com\/fr\/wp-json\/wp\/v2\/media?parent=6199"}],"curies":[{"name":"wp","href":"https:\/\/api.w.org\/{rel}","templated":true}]}}