{"id":6211,"date":"2019-06-06T11:19:37","date_gmt":"2019-06-06T09:19:37","guid":{"rendered":"https:\/\/www.nekkerhalbrusselsnorth.com\/?page_id=6211"},"modified":"2020-06-15T12:41:32","modified_gmt":"2020-06-15T10:41:32","slug":"actualites","status":"publish","type":"page","link":"https:\/\/www.nekkerhalbrusselsnorth.com\/fr\/a-propos\/actualites\/","title":{"rendered":"Actualit\u00e9s"},"content":{"rendered":"\t\t<div data-elementor-type=\"wp-post\" data-elementor-id=\"6211\" class=\"elementor elementor-6211 elementor-6209\" data-elementor-post-type=\"page\">\n\t\t\t\t\t\t<section class=\"elementor-section elementor-top-section elementor-element elementor-element-eb368b2 elementor-section-content-middle elementor-section-boxed elementor-section-height-default elementor-section-height-default\" data-id=\"eb368b2\" data-element_type=\"section\">\n\t\t\t\t\t\t<div class=\"elementor-container elementor-column-gap-default\">\n\t\t\t\t\t<div class=\"elementor-column elementor-col-100 elementor-top-column elementor-element elementor-element-c28fcf2\" data-id=\"c28fcf2\" data-element_type=\"column\">\n\t\t\t<div class=\"elementor-widget-wrap elementor-element-populated\">\n\t\t\t\t\t\t<div class=\"elementor-element elementor-element-c631a15 elementor-nav-menu__align-center elementor-nav-menu--dropdown-mobile elementor-nav-menu__text-align-center elementor-widget elementor-widget-nav-menu\" data-id=\"c631a15\" data-element_type=\"widget\" data-settings=\"{&quot;layout&quot;:&quot;horizontal&quot;,&quot;submenu_icon&quot;:{&quot;value&quot;:&quot;&lt;i class=\\&quot;fas fa-caret-down\\&quot; aria-hidden=\\&quot;true\\&quot;&gt;&lt;\\\/i&gt;&quot;,&quot;library&quot;:&quot;fa-solid&quot;}}\" data-widget_type=\"nav-menu.default\">\n\t\t\t\t<div class=\"elementor-widget-container\">\n\t\t\t\t\t\t\t\t<nav aria-label=\"Menu\" class=\"elementor-nav-menu--main elementor-nav-menu__container elementor-nav-menu--layout-horizontal e--pointer-underline e--animation-slide\">\n\t\t\t\t<ul id=\"menu-1-c631a15\" class=\"elementor-nav-menu\"><li class=\"menu-item menu-item-type-post_type menu-item-object-page menu-item-7372\"><a href=\"https:\/\/www.nekkerhalbrusselsnorth.com\/fr\/a-propos\/\" class=\"elementor-item\">A propos de Nekkerhal<\/a><\/li>\n<li class=\"menu-item menu-item-type-post_type menu-item-object-page menu-item-7373\"><a href=\"https:\/\/www.nekkerhalbrusselsnorth.com\/fr\/a-propos\/actualites\/\" class=\"elementor-item\">Actualit\u00e9s<\/a><\/li>\n<li class=\"menu-item menu-item-type-post_type menu-item-object-page menu-item-5811\"><a href=\"https:\/\/www.nekkerhalbrusselsnorth.com\/fr\/a-propos\/faq\/\" class=\"elementor-item\">FAQ<\/a><\/li>\n<li class=\"menu-item menu-item-type-post_type menu-item-object-page menu-item-5810\"><a href=\"https:\/\/www.nekkerhalbrusselsnorth.com\/fr\/a-propos\/autres-sites\/\" class=\"elementor-item\">Autres Complexes<\/a><\/li>\n<\/ul>\t\t\t<\/nav>\n\t\t\t\t\t\t<nav class=\"elementor-nav-menu--dropdown elementor-nav-menu__container\" aria-hidden=\"true\">\n\t\t\t\t<ul id=\"menu-2-c631a15\" class=\"elementor-nav-menu\"><li class=\"menu-item menu-item-type-post_type menu-item-object-page menu-item-7372\"><a href=\"https:\/\/www.nekkerhalbrusselsnorth.com\/fr\/a-propos\/\" class=\"elementor-item\" tabindex=\"-1\">A propos de Nekkerhal<\/a><\/li>\n<li class=\"menu-item menu-item-type-post_type menu-item-object-page menu-item-7373\"><a href=\"https:\/\/www.nekkerhalbrusselsnorth.com\/fr\/a-propos\/actualites\/\" class=\"elementor-item\" tabindex=\"-1\">Actualit\u00e9s<\/a><\/li>\n<li class=\"menu-item menu-item-type-post_type menu-item-object-page menu-item-5811\"><a href=\"https:\/\/www.nekkerhalbrusselsnorth.com\/fr\/a-propos\/faq\/\" class=\"elementor-item\" tabindex=\"-1\">FAQ<\/a><\/li>\n<li class=\"menu-item menu-item-type-post_type menu-item-object-page menu-item-5810\"><a href=\"https:\/\/www.nekkerhalbrusselsnorth.com\/fr\/a-propos\/autres-sites\/\" class=\"elementor-item\" tabindex=\"-1\">Autres Complexes<\/a><\/li>\n<\/ul>\t\t\t<\/nav>\n\t\t\t\t\t\t<\/div>\n\t\t\t\t<\/div>\n\t\t\t\t\t<\/div>\n\t\t<\/div>\n\t\t\t\t\t<\/div>\n\t\t<\/section>\n\t\t\t\t<section class=\"elementor-section elementor-top-section elementor-element elementor-element-2c74730 elementor-section-boxed elementor-section-height-default elementor-section-height-default\" data-id=\"2c74730\" data-element_type=\"section\">\n\t\t\t\t\t\t<div class=\"elementor-container elementor-column-gap-default\">\n\t\t\t\t\t<div class=\"elementor-column elementor-col-100 elementor-top-column elementor-element elementor-element-a82a920\" data-id=\"a82a920\" data-element_type=\"column\">\n\t\t\t<div class=\"elementor-widget-wrap elementor-element-populated\">\n\t\t\t\t\t\t<div class=\"elementor-element elementor-element-f7def2b elementor-widget elementor-widget-text-editor\" data-id=\"f7def2b\" data-element_type=\"widget\" data-widget_type=\"text-editor.default\">\n\t\t\t\t<div class=\"elementor-widget-container\">\n\t\t\t\t\t\t\t\t\t<h1 style=\"text-align: center;\">Actualit\u00e9s<\/h1>\n\t\t\t\t\t\t\t\t<\/div>\n\t\t\t\t<\/div>\n\t\t\t\t\t<\/div>\n\t\t<\/div>\n\t\t\t\t\t<\/div>\n\t\t<\/section>\n\t\t\t\t<section class=\"elementor-section elementor-top-section elementor-element elementor-element-0a65134 elementor-section-boxed elementor-section-height-default elementor-section-height-default\" data-id=\"0a65134\" data-element_type=\"section\">\n\t\t\t\t\t\t<div class=\"elementor-container elementor-column-gap-default\">\n\t\t\t\t\t<div class=\"elementor-column elementor-col-100 elementor-top-column elementor-element elementor-element-a007105\" data-id=\"a007105\" data-element_type=\"column\">\n\t\t\t<div class=\"elementor-widget-wrap elementor-element-populated\">\n\t\t\t\t\t\t<div class=\"elementor-element elementor-element-69bd955 elementor-grid-2 elementor-grid-tablet-2 elementor-grid-mobile-1 elementor-posts--thumbnail-top elementor-card-shadow-yes elementor-posts__hover-gradient elementor-widget elementor-widget-posts\" data-id=\"69bd955\" data-element_type=\"widget\" data-settings=\"{&quot;cards_row_gap&quot;:{&quot;unit&quot;:&quot;px&quot;,&quot;size&quot;:&quot;31&quot;,&quot;sizes&quot;:[]},&quot;cards_columns&quot;:&quot;2&quot;,&quot;cards_columns_tablet&quot;:&quot;2&quot;,&quot;cards_columns_mobile&quot;:&quot;1&quot;,&quot;cards_row_gap_tablet&quot;:{&quot;unit&quot;:&quot;px&quot;,&quot;size&quot;:&quot;&quot;,&quot;sizes&quot;:[]},&quot;cards_row_gap_mobile&quot;:{&quot;unit&quot;:&quot;px&quot;,&quot;size&quot;:&quot;&quot;,&quot;sizes&quot;:[]}}\" data-widget_type=\"posts.cards\">\n\t\t\t\t<div class=\"elementor-widget-container\">\n\t\t\t\t\t\t\t<div class=\"elementor-posts-container elementor-posts elementor-posts--skin-cards elementor-grid\" role=\"list\">\n\t\t\t\t<article class=\"elementor-post elementor-grid-item post-7279 post type-post status-publish format-standard has-post-thumbnail hentry category-news-fr\" role=\"listitem\">\n\t\t\t<div class=\"elementor-post__card\">\n\t\t\t\t<a class=\"elementor-post__thumbnail__link\" href=\"https:\/\/www.nekkerhalbrusselsnorth.com\/fr\/visitez-nekkerhal-de-chez-vous\/\" tabindex=\"-1\" ><div class=\"elementor-post__thumbnail\"><img fetchpriority=\"high\" decoding=\"async\" width=\"1200\" height=\"628\" src=\"https:\/\/easyfairsassets.com\/sites\/102\/2020\/03\/Visual-social-Nekkerhal.png\" class=\"attachment-full size-full wp-image-7280\" alt=\"\" srcset=\"https:\/\/easyfairsassets.com\/sites\/102\/2020\/03\/Visual-social-Nekkerhal.png 1200w, https:\/\/easyfairsassets.com\/sites\/102\/2020\/03\/Visual-social-Nekkerhal-300x157.png 300w, https:\/\/easyfairsassets.com\/sites\/102\/2020\/03\/Visual-social-Nekkerhal-1024x536.png 1024w, https:\/\/easyfairsassets.com\/sites\/102\/2020\/03\/Visual-social-Nekkerhal-768x402.png 768w\" sizes=\"(max-width: 1200px) 100vw, 1200px\" \/><\/div><\/a>\n\t\t\t\t<div class=\"elementor-post__badge\">News<\/div>\n\t\t\t\t<div class=\"elementor-post__text\">\n\t\t\t\t<h2 class=\"elementor-post__title\">\n\t\t\t<a href=\"https:\/\/www.nekkerhalbrusselsnorth.com\/fr\/visitez-nekkerhal-de-chez-vous\/\" >\n\t\t\t\tVisitez Nekkerhal de chez vous\t\t\t<\/a>\n\t\t<\/h2>\n\t\t\t\t<div class=\"elementor-post__excerpt\">\n\t\t\t<p>Les visites virtuelles sont aujourd\u2019hui plus que jamais incontournables. Et cela risque d\u2019\u00eatre encore le cas pendant quelque temps. C\u2019est pourquoi nous proposons une pr\u00e9sentation virtuelle de nos lieux \u00e9v\u00e9nementiels, aussi bien \u00e0 l\u2019int\u00e9rieur qu\u2019\u00e0 l\u2019ext\u00e9rieur. Restez chez vous\u00a0! Nous sommes les<\/p>\n\t\t<\/div>\n\t\t\n\t\t<a class=\"elementor-post__read-more\" href=\"https:\/\/www.nekkerhalbrusselsnorth.com\/fr\/visitez-nekkerhal-de-chez-vous\/\" aria-label=\"Read more about Visitez Nekkerhal de chez vous\" tabindex=\"-1\" >\n\t\t\tLire plus \u00bb\t\t<\/a>\n\n\t\t\t\t<\/div>\n\t\t\t\t<div class=\"elementor-post__meta-data\">\n\t\t\t\t\t<span class=\"elementor-post-date\">\n\t\t\t26\/05\/2020\t\t<\/span>\n\t\t\t\t<\/div>\n\t\t\t\t\t<\/div>\n\t\t<\/article>\n\t\t\t\t<article class=\"elementor-post elementor-grid-item post-5940 post type-post status-publish format-standard has-post-thumbnail hentry category-news-fr\" role=\"listitem\">\n\t\t\t<div class=\"elementor-post__card\">\n\t\t\t\t<a class=\"elementor-post__thumbnail__link\" href=\"https:\/\/www.nekkerhalbrusselsnorth.com\/fr\/easyfairs-elue-entreprise-de-lannee-en-belgique\/\" tabindex=\"-1\" ><div class=\"elementor-post__thumbnail\"><img decoding=\"async\" width=\"1024\" height=\"768\" src=\"https:\/\/easyfairsassets.com\/sites\/102\/2018\/10\/DpnK7PZXUAAcH2b-1024x768.jpg\" class=\"attachment-full size-full wp-image-5941\" alt=\"\" srcset=\"https:\/\/easyfairsassets.com\/sites\/102\/2018\/10\/DpnK7PZXUAAcH2b-1024x768.jpg 1024w, https:\/\/easyfairsassets.com\/sites\/102\/2018\/10\/DpnK7PZXUAAcH2b-1024x768-300x225.jpg 300w, https:\/\/easyfairsassets.com\/sites\/102\/2018\/10\/DpnK7PZXUAAcH2b-1024x768-768x576.jpg 768w\" sizes=\"(max-width: 1024px) 100vw, 1024px\" \/><\/div><\/a>\n\t\t\t\t<div class=\"elementor-post__badge\">News<\/div>\n\t\t\t\t<div class=\"elementor-post__text\">\n\t\t\t\t<h2 class=\"elementor-post__title\">\n\t\t\t<a href=\"https:\/\/www.nekkerhalbrusselsnorth.com\/fr\/easyfairs-elue-entreprise-de-lannee-en-belgique\/\" >\n\t\t\t\tEasyfairs \u00e9lue \u00ab Entreprise de l&#8217;Ann\u00e9e \u00bb en Belgique\t\t\t<\/a>\n\t\t<\/h2>\n\t\t\t\t<div class=\"elementor-post__excerpt\">\n\t\t\t<p>La soci\u00e9t\u00e9 m\u00e8re d&#8217;Easyfairs Venues \u2013 l&#8217;Easyfairs belge \u2013 a \u00e9t\u00e9 \u00e9lue \u00ab\u00a0Entreprise de l&#8217;Ann\u00e9e\u00a0\u00bb 2018 en Belgique. Cette distinction prestigieuse est d\u00e9cern\u00e9e depuis 1996 \u00e0 l&#8217;\u00e9lite des entreprises belges. Un jury ind\u00e9pendant de sp\u00e9cialistes l&#8217;a remis cette ann\u00e9e \u00e0 Easyfairs sur<\/p>\n\t\t<\/div>\n\t\t\n\t\t<a class=\"elementor-post__read-more\" href=\"https:\/\/www.nekkerhalbrusselsnorth.com\/fr\/easyfairs-elue-entreprise-de-lannee-en-belgique\/\" aria-label=\"Read more about Easyfairs \u00e9lue \u00ab Entreprise de l&#8217;Ann\u00e9e \u00bb en Belgique\" tabindex=\"-1\" >\n\t\t\tLire plus \u00bb\t\t<\/a>\n\n\t\t\t\t<\/div>\n\t\t\t\t<div class=\"elementor-post__meta-data\">\n\t\t\t\t\t<span class=\"elementor-post-date\">\n\t\t\t03\/05\/2019\t\t<\/span>\n\t\t\t\t<\/div>\n\t\t\t\t\t<\/div>\n\t\t<\/article>\n\t\t\t\t<\/div>\n\t\t\n\t\t\t\t\t\t<\/div>\n\t\t\t\t<\/div>\n\t\t\t\t\t<\/div>\n\t\t<\/div>\n\t\t\t\t\t<\/div>\n\t\t<\/section>\n\t\t\t\t<\/div>\n\t\t","protected":false},"excerpt":{"rendered":"<p>Actualit\u00e9s<\/p>\n","protected":false},"author":933,"featured_media":0,"parent":6199,"menu_order":0,"comment_status":"closed","ping_status":"closed","template":"","meta":{"_seopress_robots_primary_cat":"","_seopress_titles_title":"Actualit\u00e9s - Nekkerhal - Brussels North","_seopress_titles_desc":"D\u00e9couvrez toutes les derni\u00e8res actus et nouvelles de Nekkerhal - Brussels North.","_seopress_robots_index":"","footnotes":""},"class_list":["post-6211","page","type-page","status-publish","hentry"],"_links":{"self":[{"href":"https:\/\/www.nekkerhalbrusselsnorth.com\/fr\/wp-json\/wp\/v2\/pages\/6211","targetHints":{"allow":["GET"]}}],"collection":[{"href":"https:\/\/www.nekkerhalbrusselsnorth.com\/fr\/wp-json\/wp\/v2\/pages"}],"about":[{"href":"https:\/\/www.nekkerhalbrusselsnorth.com\/fr\/wp-json\/wp\/v2\/types\/page"}],"author":[{"embeddable":true,"href":"https:\/\/www.nekkerhalbrusselsnorth.com\/fr\/wp-json\/wp\/v2\/users\/933"}],"replies":[{"embeddable":true,"href":"https:\/\/www.nekkerhalbrusselsnorth.com\/fr\/wp-json\/wp\/v2\/comments?post=6211"}],"version-history":[{"count":5,"href":"https:\/\/www.nekkerhalbrusselsnorth.com\/fr\/wp-json\/wp\/v2\/pages\/6211\/revisions"}],"predecessor-version":[{"id":7499,"href":"https:\/\/www.nekkerhalbrusselsnorth.com\/fr\/wp-json\/wp\/v2\/pages\/6211\/revisions\/7499"}],"up":[{"embeddable":true,"href":"https:\/\/www.nekkerhalbrusselsnorth.com\/fr\/wp-json\/wp\/v2\/pages\/6199"}],"wp:attachment":[{"href":"https:\/\/www.nekkerhalbrusselsnorth.com\/fr\/wp-json\/wp\/v2\/media?parent=6211"}],"curies":[{"name":"wp","href":"https:\/\/api.w.org\/{rel}","templated":true}]}}