{"id":7153,"date":"2020-06-02T15:06:24","date_gmt":"2020-06-02T13:06:24","guid":{"rendered":"https:\/\/www.nekkerhalbrusselsnorth.com\/?page_id=7153"},"modified":"2024-08-29T13:32:32","modified_gmt":"2024-08-29T11:32:32","slug":"hotel","status":"publish","type":"page","link":"https:\/\/www.nekkerhalbrusselsnorth.com\/fr\/hotel\/","title":{"rendered":"H\u00f4tel"},"content":{"rendered":"\t\t<div data-elementor-type=\"wp-post\" data-elementor-id=\"7153\" class=\"elementor elementor-7153 elementor-7151\" data-elementor-post-type=\"page\">\n\t\t\t\t\t\t<section class=\"elementor-section elementor-top-section elementor-element elementor-element-e06aed3 elementor-section-content-middle elementor-section-boxed elementor-section-height-default elementor-section-height-default\" data-id=\"e06aed3\" data-element_type=\"section\">\n\t\t\t\t\t\t<div class=\"elementor-container elementor-column-gap-default\">\n\t\t\t\t\t<div class=\"elementor-column elementor-col-100 elementor-top-column elementor-element elementor-element-1633b8b\" data-id=\"1633b8b\" data-element_type=\"column\">\n\t\t\t<div class=\"elementor-widget-wrap elementor-element-populated\">\n\t\t\t\t\t\t<div class=\"elementor-element elementor-element-8fb39bd elementor-nav-menu__align-center elementor-nav-menu--dropdown-mobile elementor-nav-menu__text-align-center elementor-widget elementor-widget-nav-menu\" data-id=\"8fb39bd\" data-element_type=\"widget\" data-settings=\"{&quot;layout&quot;:&quot;horizontal&quot;,&quot;submenu_icon&quot;:{&quot;value&quot;:&quot;&lt;i class=\\&quot;fas fa-caret-down\\&quot; aria-hidden=\\&quot;true\\&quot;&gt;&lt;\\\/i&gt;&quot;,&quot;library&quot;:&quot;fa-solid&quot;}}\" data-widget_type=\"nav-menu.default\">\n\t\t\t\t<div class=\"elementor-widget-container\">\n\t\t\t\t\t\t\t\t<nav aria-label=\"Menu\" class=\"elementor-nav-menu--main elementor-nav-menu__container elementor-nav-menu--layout-horizontal e--pointer-underline e--animation-slide\">\n\t\t\t\t<ul id=\"menu-1-8fb39bd\" class=\"elementor-nav-menu\"><li class=\"menu-item menu-item-type-post_type menu-item-object-page menu-item-7302\"><a href=\"https:\/\/www.nekkerhalbrusselsnorth.com\/fr\/accessibilite-et-stationnement\/\" class=\"elementor-item\">Visitez Nekkerhal<\/a><\/li>\n<li class=\"menu-item menu-item-type-post_type menu-item-object-page menu-item-7303\"><a href=\"https:\/\/www.nekkerhalbrusselsnorth.com\/fr\/hotel\/\" class=\"elementor-item\">H\u00f4tel<\/a><\/li>\n<\/ul>\t\t\t<\/nav>\n\t\t\t\t\t\t<nav class=\"elementor-nav-menu--dropdown elementor-nav-menu__container\" aria-hidden=\"true\">\n\t\t\t\t<ul id=\"menu-2-8fb39bd\" class=\"elementor-nav-menu\"><li class=\"menu-item menu-item-type-post_type menu-item-object-page menu-item-7302\"><a href=\"https:\/\/www.nekkerhalbrusselsnorth.com\/fr\/accessibilite-et-stationnement\/\" class=\"elementor-item\" tabindex=\"-1\">Visitez Nekkerhal<\/a><\/li>\n<li class=\"menu-item menu-item-type-post_type menu-item-object-page menu-item-7303\"><a href=\"https:\/\/www.nekkerhalbrusselsnorth.com\/fr\/hotel\/\" class=\"elementor-item\" tabindex=\"-1\">H\u00f4tel<\/a><\/li>\n<\/ul>\t\t\t<\/nav>\n\t\t\t\t\t\t<\/div>\n\t\t\t\t<\/div>\n\t\t\t\t\t<\/div>\n\t\t<\/div>\n\t\t\t\t\t<\/div>\n\t\t<\/section>\n\t\t\t\t<section class=\"elementor-section elementor-top-section elementor-element elementor-element-57ff814 elementor-section-boxed elementor-section-height-default elementor-section-height-default\" data-id=\"57ff814\" data-element_type=\"section\">\n\t\t\t\t\t\t<div class=\"elementor-container elementor-column-gap-default\">\n\t\t\t\t\t<div class=\"elementor-column elementor-col-100 elementor-top-column elementor-element elementor-element-29e1b36\" data-id=\"29e1b36\" data-element_type=\"column\">\n\t\t\t<div class=\"elementor-widget-wrap elementor-element-populated\">\n\t\t\t\t\t\t<div class=\"elementor-element elementor-element-7553358 elementor-widget elementor-widget-text-editor\" data-id=\"7553358\" data-element_type=\"widget\" data-widget_type=\"text-editor.default\">\n\t\t\t\t<div class=\"elementor-widget-container\">\n\t\t\t\t\t\t\t\t\t<h1 style=\"text-align: center;\">Vous cherchez un h\u00f4tel \u00e0 proximit\u00e9?<\/h1>\n\t\t\t\t\t\t\t\t<\/div>\n\t\t\t\t<\/div>\n\t\t\t\t<div class=\"elementor-element elementor-element-09b0dba elementor-widget elementor-widget-text-editor\" data-id=\"09b0dba\" data-element_type=\"widget\" data-widget_type=\"text-editor.default\">\n\t\t\t\t<div class=\"elementor-widget-container\">\n\t\t\t\t\t\t\t\t\t<p style=\"text-align: center;\">Organiser des \u00e9v\u00e9nements rime avec peu de sommeil \u2013 d\u2019accord, au figur\u00e9. Alors, pourquoi ne r\u00e9servez-vous pas un h\u00f4tel \u00e0 proximit\u00e9?<\/p>\n<p style=\"text-align: center;\"><strong>D\u00e9couvrez les meilleurs prix gr\u00e2ce \u00e0 nos partenaires privil\u00e9gi\u00e9s.<\/strong><\/p>\n\t\t\t\t\t\t\t\t<\/div>\n\t\t\t\t<\/div>\n\t\t\t\t\t<\/div>\n\t\t<\/div>\n\t\t\t\t\t<\/div>\n\t\t<\/section>\n\t\t\t\t<section class=\"elementor-section elementor-top-section elementor-element elementor-element-77175da elementor-section-boxed elementor-section-height-default elementor-section-height-default\" data-id=\"77175da\" data-element_type=\"section\">\n\t\t\t\t\t\t<div class=\"elementor-container elementor-column-gap-default\">\n\t\t\t\t\t<div class=\"elementor-column elementor-col-50 elementor-top-column elementor-element elementor-element-d3c4e25\" data-id=\"d3c4e25\" data-element_type=\"column\">\n\t\t\t<div class=\"elementor-widget-wrap elementor-element-populated\">\n\t\t\t\t\t\t<div class=\"elementor-element elementor-element-1c76577 elementor-widget elementor-widget-heading\" data-id=\"1c76577\" data-element_type=\"widget\" data-widget_type=\"heading.default\">\n\t\t\t\t<div class=\"elementor-widget-container\">\n\t\t\t\t\t<h2 class=\"elementor-heading-title elementor-size-default\">Van der valk hotel mechelen<\/h2>\t\t\t\t<\/div>\n\t\t\t\t<\/div>\n\t\t\t\t<div class=\"elementor-element elementor-element-809ab69 elementor-widget elementor-widget-image\" data-id=\"809ab69\" data-element_type=\"widget\" data-widget_type=\"image.default\">\n\t\t\t\t<div class=\"elementor-widget-container\">\n\t\t\t\t\t\t\t\t\t\t\t\t\t\t\t<img fetchpriority=\"high\" decoding=\"async\" width=\"300\" height=\"206\" src=\"https:\/\/easyfairsassets.com\/sites\/102\/2024\/08\/Logo-zwart-png-300x206.png\" class=\"attachment-medium size-medium wp-image-10373\" alt=\"Logo Van Der Valk\" srcset=\"https:\/\/easyfairsassets.com\/sites\/102\/2024\/08\/Logo-zwart-png-300x206.png 300w, https:\/\/easyfairsassets.com\/sites\/102\/2024\/08\/Logo-zwart-png.png 465w\" sizes=\"(max-width: 300px) 100vw, 300px\" \/>\t\t\t\t\t\t\t\t\t\t\t\t\t\t\t<\/div>\n\t\t\t\t<\/div>\n\t\t\t\t<div class=\"elementor-element elementor-element-5eb6498 elementor-widget elementor-widget-text-editor\" data-id=\"5eb6498\" data-element_type=\"widget\" data-widget_type=\"text-editor.default\">\n\t\t\t\t<div class=\"elementor-widget-container\">\n\t\t\t\t\t\t\t\t\t<p>Rode-Kruisplein 1-4, 2800 Mechelen<br \/><a href=\"http:\/\/www.hotel-mechelen.be\" target=\"_blank\" rel=\"noopener\">www.hotel-mechelen.be<\/a><\/p>\n\t\t\t\t\t\t\t\t<\/div>\n\t\t\t\t<\/div>\n\t\t\t\t<div class=\"elementor-element elementor-element-03999db elementor-align-center elementor-widget elementor-widget-button\" data-id=\"03999db\" data-element_type=\"widget\" data-widget_type=\"button.default\">\n\t\t\t\t<div class=\"elementor-widget-container\">\n\t\t\t\t\t\t\t\t\t<div class=\"elementor-button-wrapper\">\n\t\t\t\t\t<a class=\"elementor-button elementor-button-link elementor-size-sm\" href=\"mailto:info@hotel-mechelen.be\" target=\"_blank\">\n\t\t\t\t\t\t<span class=\"elementor-button-content-wrapper\">\n\t\t\t\t\t\t\t\t\t<span class=\"elementor-button-text\">R\u00e9servez votre nuit avec une r\u00e9duction de 12%<\/span>\n\t\t\t\t\t<\/span>\n\t\t\t\t\t<\/a>\n\t\t\t\t<\/div>\n\t\t\t\t\t\t\t\t<\/div>\n\t\t\t\t<\/div>\n\t\t\t\t<div class=\"elementor-element elementor-element-eb66350 elementor-widget elementor-widget-text-editor\" data-id=\"eb66350\" data-element_type=\"widget\" data-widget_type=\"text-editor.default\">\n\t\t\t\t<div class=\"elementor-widget-container\">\n\t\t\t\t\t\t\t\t\t<p><em>*r\u00e9f\u00e9rence: EASYFAIRS + nom \u00e9v\u00e9nement<\/em><\/p>\n\t\t\t\t\t\t\t\t<\/div>\n\t\t\t\t<\/div>\n\t\t\t\t\t<\/div>\n\t\t<\/div>\n\t\t\t\t<div class=\"elementor-column elementor-col-50 elementor-top-column elementor-element elementor-element-04bd48b\" data-id=\"04bd48b\" data-element_type=\"column\">\n\t\t\t<div class=\"elementor-widget-wrap elementor-element-populated\">\n\t\t\t\t\t\t<div class=\"elementor-element elementor-element-7d3aa6f elementor-widget elementor-widget-image\" data-id=\"7d3aa6f\" data-element_type=\"widget\" data-widget_type=\"image.default\">\n\t\t\t\t<div class=\"elementor-widget-container\">\n\t\t\t\t\t\t\t\t\t\t\t\t\t\t\t<img decoding=\"async\" width=\"600\" height=\"340\" src=\"https:\/\/easyfairsassets.com\/sites\/102\/2024\/08\/carousel_wide_1024x768_Social-Post-VALK-Mechelen-Uitgelicht-21-4-230980.png\" class=\"attachment-large size-large wp-image-10376\" alt=\"Van Der Valk Mechelen\" srcset=\"https:\/\/easyfairsassets.com\/sites\/102\/2024\/08\/carousel_wide_1024x768_Social-Post-VALK-Mechelen-Uitgelicht-21-4-230980.png 600w, https:\/\/easyfairsassets.com\/sites\/102\/2024\/08\/carousel_wide_1024x768_Social-Post-VALK-Mechelen-Uitgelicht-21-4-230980-300x170.png 300w\" sizes=\"(max-width: 600px) 100vw, 600px\" \/>\t\t\t\t\t\t\t\t\t\t\t\t\t\t\t<\/div>\n\t\t\t\t<\/div>\n\t\t\t\t\t<\/div>\n\t\t<\/div>\n\t\t\t\t\t<\/div>\n\t\t<\/section>\n\t\t\t\t<section class=\"elementor-section elementor-top-section elementor-element elementor-element-32df4eb elementor-section-boxed elementor-section-height-default elementor-section-height-default\" data-id=\"32df4eb\" data-element_type=\"section\">\n\t\t\t\t\t\t<div class=\"elementor-container elementor-column-gap-default\">\n\t\t\t\t\t<div class=\"elementor-column elementor-col-50 elementor-top-column elementor-element elementor-element-53d1cce\" data-id=\"53d1cce\" data-element_type=\"column\">\n\t\t\t<div class=\"elementor-widget-wrap elementor-element-populated\">\n\t\t\t\t\t\t<div class=\"elementor-element elementor-element-f7e7b52 elementor-widget elementor-widget-image\" data-id=\"f7e7b52\" data-element_type=\"widget\" data-widget_type=\"image.default\">\n\t\t\t\t<div class=\"elementor-widget-container\">\n\t\t\t\t\t\t\t\t\t\t\t\t\t\t\t<img decoding=\"async\" width=\"733\" height=\"550\" src=\"https:\/\/easyfairsassets.com\/sites\/102\/2024\/08\/holiday-inn-express-mechelen-7990511582-4x3-1.jpg\" class=\"attachment-large size-large wp-image-10379\" alt=\"Holiday Inn Express Mechelen\" srcset=\"https:\/\/easyfairsassets.com\/sites\/102\/2024\/08\/holiday-inn-express-mechelen-7990511582-4x3-1.jpg 733w, https:\/\/easyfairsassets.com\/sites\/102\/2024\/08\/holiday-inn-express-mechelen-7990511582-4x3-1-300x225.jpg 300w\" sizes=\"(max-width: 733px) 100vw, 733px\" \/>\t\t\t\t\t\t\t\t\t\t\t\t\t\t\t<\/div>\n\t\t\t\t<\/div>\n\t\t\t\t\t<\/div>\n\t\t<\/div>\n\t\t\t\t<div class=\"elementor-column elementor-col-50 elementor-top-column elementor-element elementor-element-2128110\" data-id=\"2128110\" data-element_type=\"column\">\n\t\t\t<div class=\"elementor-widget-wrap elementor-element-populated\">\n\t\t\t\t\t\t<div class=\"elementor-element elementor-element-ecd1e27 elementor-widget elementor-widget-heading\" data-id=\"ecd1e27\" data-element_type=\"widget\" data-widget_type=\"heading.default\">\n\t\t\t\t<div class=\"elementor-widget-container\">\n\t\t\t\t\t<h2 class=\"elementor-heading-title elementor-size-default\">Holiday inn express mechelen<\/h2>\t\t\t\t<\/div>\n\t\t\t\t<\/div>\n\t\t\t\t<div class=\"elementor-element elementor-element-e098105 elementor-widget elementor-widget-image\" data-id=\"e098105\" data-element_type=\"widget\" data-widget_type=\"image.default\">\n\t\t\t\t<div class=\"elementor-widget-container\">\n\t\t\t\t\t\t\t\t\t\t\t\t\t\t\t<img loading=\"lazy\" decoding=\"async\" width=\"300\" height=\"168\" src=\"https:\/\/easyfairsassets.com\/sites\/102\/2024\/08\/Holiday-Inn-Express-Logo.png\" class=\"attachment-large size-large wp-image-10382\" alt=\"Holiday Inn Express Logo\" \/>\t\t\t\t\t\t\t\t\t\t\t\t\t\t\t<\/div>\n\t\t\t\t<\/div>\n\t\t\t\t<div class=\"elementor-element elementor-element-3b3cd26 elementor-widget elementor-widget-text-editor\" data-id=\"3b3cd26\" data-element_type=\"widget\" data-widget_type=\"text-editor.default\">\n\t\t\t\t<div class=\"elementor-widget-container\">\n\t\t\t\t\t\t\t\t\t<p>Veemarkt 37C, 2800 Mechelen<br \/><a href=\"https:\/\/www.ihg.com\/holidayinnexpress\/hotels\/nl\/nl\/mechelen\/mecvm\/hoteldetail\" target=\"_blank\" rel=\"noopener\">www.ihg.com<\/a><\/p>\n\t\t\t\t\t\t\t\t<\/div>\n\t\t\t\t<\/div>\n\t\t\t\t<div class=\"elementor-element elementor-element-c0d86c3 elementor-align-center elementor-widget elementor-widget-button\" data-id=\"c0d86c3\" data-element_type=\"widget\" data-widget_type=\"button.default\">\n\t\t\t\t<div class=\"elementor-widget-container\">\n\t\t\t\t\t\t\t\t\t<div class=\"elementor-button-wrapper\">\n\t\t\t\t\t<a class=\"elementor-button elementor-button-link elementor-size-sm\" href=\"mailto:info@hiexmechelen.com\" target=\"_blank\">\n\t\t\t\t\t\t<span class=\"elementor-button-content-wrapper\">\n\t\t\t\t\t\t\t\t\t<span class=\"elementor-button-text\">R\u00e9servez votre nuit avec une r\u00e9duction de 10%<\/span>\n\t\t\t\t\t<\/span>\n\t\t\t\t\t<\/a>\n\t\t\t\t<\/div>\n\t\t\t\t\t\t\t\t<\/div>\n\t\t\t\t<\/div>\n\t\t\t\t\t<\/div>\n\t\t<\/div>\n\t\t\t\t\t<\/div>\n\t\t<\/section>\n\t\t\t\t<section class=\"elementor-section elementor-top-section elementor-element elementor-element-34c50b3 elementor-section-boxed elementor-section-height-default elementor-section-height-default\" data-id=\"34c50b3\" data-element_type=\"section\">\n\t\t\t\t\t\t<div class=\"elementor-container elementor-column-gap-default\">\n\t\t\t\t\t<div class=\"elementor-column elementor-col-50 elementor-top-column elementor-element elementor-element-95249f7\" data-id=\"95249f7\" data-element_type=\"column\" data-settings=\"{&quot;background_background&quot;:&quot;classic&quot;}\">\n\t\t\t<div class=\"elementor-widget-wrap elementor-element-populated\">\n\t\t\t\t\t\t<div class=\"elementor-element elementor-element-4c440ee elementor-widget elementor-widget-heading\" data-id=\"4c440ee\" data-element_type=\"widget\" data-widget_type=\"heading.default\">\n\t\t\t\t<div class=\"elementor-widget-container\">\n\t\t\t\t\t<h2 class=\"elementor-heading-title elementor-size-default\">Book a room<\/h2>\t\t\t\t<\/div>\n\t\t\t\t<\/div>\n\t\t\t\t<div class=\"elementor-element elementor-element-9e40fc8 elementor-widget elementor-widget-text-editor\" data-id=\"9e40fc8\" data-element_type=\"widget\" data-widget_type=\"text-editor.default\">\n\t\t\t\t<div class=\"elementor-widget-container\">\n\t\t\t\t\t\t\t\t\t<ul style=\"font-size: 15px; font-style: normal; font-weight: 400;\">\n<li style=\"font-size: 15px;\">Des chambres d&#8217;h\u00f4tel au meilleur prix<\/li>\n<li style=\"font-size: 15px;\">Recherche rapide d&#8217;h\u00f4tels de qualit\u00e9 \u00e0 proximit\u00e9 de Nekkerhal<\/li>\n<li style=\"font-size: 15px;\">R\u00e9servation simple avec booking.com<\/li>\n<\/ul>\n\t\t\t\t\t\t\t\t<\/div>\n\t\t\t\t<\/div>\n\t\t\t\t<div class=\"elementor-element elementor-element-a179b5a elementor-align-center elementor-widget elementor-widget-button\" data-id=\"a179b5a\" data-element_type=\"widget\" data-widget_type=\"button.default\">\n\t\t\t\t<div class=\"elementor-widget-container\">\n\t\t\t\t\t\t\t\t\t<div class=\"elementor-button-wrapper\">\n\t\t\t\t\t<a class=\"elementor-button elementor-button-link elementor-size-sm\" href=\"https:\/\/sp.booking.com\/searchresults.en-us.html?aid=1690546&#038;sid=917b45cfcce0e3c0c082d52a625a611c&#038;sb=1&#038;src=searchresults&#038;src_elem=sb&#038;error_url=https%3A%2F%2Fsp.booking.com%2Fsearchresults.en-us.html%3Faid%3D1690546%3Bsid%3D917b45cfcce0e3c0c082d52a625a611c%3Btmpl%3Dsearchresults%3Bac_click_type%3Db%3Bac_position%3D0%3Bclass_interval%3D1%3Bdest_id%3D9258%3Bdest_type%3Dlandmark%3Bfrom_sf%3D1%3Bgroup_adults%3D2%3Bgroup_children%3D0%3Blabel_click%3Dundef%3Bno_rooms%3D1%3Boffset%3D0%3Braw_dest_type%3Dlandmark%3Broom1%3DA%252CA%3Bsb_price_type%3Dtotal%3Bsearch_selected%3D1%3Bshw_aparth%3D1%3Bslp_r_match%3D0%3Bsrc%3Dindex%3Bsrc_elem%3Dsb%3Bsrpvid%3D61025ba4465c0237%3Bss%3DAntwerp%2520Expo%252C%2520Antwerpen%252C%2520Antwerpen%2520%2528provincie%2529%252C%2520Belgi%25C3%25AB%3Bss_raw%3DAntwerp%2520Expo%3Bssb%3Dempty%3Bssne%3DAmman%3Bssne_untouched%3DAmman%3Btop_ufis%3D1%26%3B&#038;ss=Nekkerhalls%2C+Mechelen%2C+Antwerpen+Province%2C+Belgium&#038;is_ski_area=&#038;ssne=Antwerp+Expo&#038;ssne_untouched=Antwerp+Expo&#038;checkin_year=&#038;checkin_month=&#038;checkout_year=&#038;checkout_month=&#038;group_adults=2&#038;group_children=0&#038;no_rooms=1&#038;from_sf=1&#038;ss_raw=Nekkerhal&#038;ac_position=0&#038;ac_langcode=en&#038;ac_click_type=b&#038;dest_id=12912&#038;dest_type=landmark&#038;place_id_lat=51.0275&#038;place_id_lon=4.499722&#038;search_pageview_id=61025ba4465c0237&#038;search_selected=true&#038;search_pageview_id=61025ba4465c0237&#038;ac_suggestion_list_length=1&#038;ac_suggestion_theme_list_length=0\" target=\"_blank\">\n\t\t\t\t\t\t<span class=\"elementor-button-content-wrapper\">\n\t\t\t\t\t\t<span class=\"elementor-button-icon\">\n\t\t\t\t<i aria-hidden=\"true\" class=\"fas fa-angle-right\"><\/i>\t\t\t<\/span>\n\t\t\t\t\t\t\t\t\t<span class=\"elementor-button-text\">Book A Room<\/span>\n\t\t\t\t\t<\/span>\n\t\t\t\t\t<\/a>\n\t\t\t\t<\/div>\n\t\t\t\t\t\t\t\t<\/div>\n\t\t\t\t<\/div>\n\t\t\t\t\t<\/div>\n\t\t<\/div>\n\t\t\t\t<div class=\"elementor-column elementor-col-50 elementor-top-column elementor-element elementor-element-12c26a3\" data-id=\"12c26a3\" data-element_type=\"column\">\n\t\t\t<div class=\"elementor-widget-wrap elementor-element-populated\">\n\t\t\t\t\t\t<div class=\"elementor-element elementor-element-6022e28 elementor-widget elementor-widget-image\" data-id=\"6022e28\" data-element_type=\"widget\" data-widget_type=\"image.default\">\n\t\t\t\t<div class=\"elementor-widget-container\">\n\t\t\t\t\t\t\t\t\t\t\t\t\t\t\t<img loading=\"lazy\" decoding=\"async\" width=\"500\" height=\"334\" src=\"https:\/\/easyfairsassets.com\/sites\/102\/2019\/04\/Hotel.jpg\" class=\"attachment-medium_large size-medium_large wp-image-5583\" alt=\"Book A Room\" srcset=\"https:\/\/easyfairsassets.com\/sites\/102\/2019\/04\/Hotel.jpg 500w, https:\/\/easyfairsassets.com\/sites\/102\/2019\/04\/Hotel-300x200.jpg 300w\" sizes=\"(max-width: 500px) 100vw, 500px\" \/>\t\t\t\t\t\t\t\t\t\t\t\t\t\t\t<\/div>\n\t\t\t\t<\/div>\n\t\t\t\t<div class=\"elementor-element elementor-element-d1da50f elementor-widget elementor-widget-image\" data-id=\"d1da50f\" data-element_type=\"widget\" data-widget_type=\"image.default\">\n\t\t\t\t<div class=\"elementor-widget-container\">\n\t\t\t\t\t\t\t\t\t\t\t\t\t\t\t\t<a href=\"https:\/\/sp.booking.com\/searchresults.en-us.html?aid=1690546&#038;sid=917b45cfcce0e3c0c082d52a625a611c&#038;sb=1&#038;src=searchresults&#038;src_elem=sb&#038;error_url=https%3A%2F%2Fsp.booking.com%2Fsearchresults.en-us.html%3Faid%3D1690546%3Bsid%3D917b45cfcce0e3c0c082d52a625a611c%3Btmpl%3Dsearchresults%3Bac_click_type%3Db%3Bac_position%3D0%3Bclass_interval%3D1%3Bdest_id%3D9258%3Bdest_type%3Dlandmark%3Bfrom_sf%3D1%3Bgroup_adults%3D2%3Bgroup_children%3D0%3Blabel_click%3Dundef%3Bno_rooms%3D1%3Boffset%3D0%3Braw_dest_type%3Dlandmark%3Broom1%3DA%252CA%3Bsb_price_type%3Dtotal%3Bsearch_selected%3D1%3Bshw_aparth%3D1%3Bslp_r_match%3D0%3Bsrc%3Dindex%3Bsrc_elem%3Dsb%3Bsrpvid%3D61025ba4465c0237%3Bss%3DAntwerp%2520Expo%252C%2520Antwerpen%252C%2520Antwerpen%2520%2528provincie%2529%252C%2520Belgi%25C3%25AB%3Bss_raw%3DAntwerp%2520Expo%3Bssb%3Dempty%3Bssne%3DAmman%3Bssne_untouched%3DAmman%3Btop_ufis%3D1%26%3B&#038;ss=Nekkerhalls%2C+Mechelen%2C+Antwerpen+Province%2C+Belgium&#038;is_ski_area=&#038;ssne=Antwerp+Expo&#038;ssne_untouched=Antwerp+Expo&#038;checkin_year=&#038;checkin_month=&#038;checkout_year=&#038;checkout_month=&#038;group_adults=2&#038;group_children=0&#038;no_rooms=1&#038;from_sf=1&#038;ss_raw=Nekkerhal&#038;ac_position=0&#038;ac_langcode=en&#038;ac_click_type=b&#038;dest_id=12912&#038;dest_type=landmark&#038;place_id_lat=51.0275&#038;place_id_lon=4.499722&#038;search_pageview_id=61025ba4465c0237&#038;search_selected=true&#038;search_pageview_id=61025ba4465c0237&#038;ac_suggestion_list_length=1&#038;ac_suggestion_theme_list_length=0\" target=\"_blank\">\n\t\t\t\t\t\t\t<img loading=\"lazy\" decoding=\"async\" width=\"310\" height=\"98\" src=\"https:\/\/easyfairsassets.com\/sites\/102\/2019\/04\/BookARoom-horizontal.png\" class=\"attachment-large size-large wp-image-5586\" alt=\"BookARoom-logo\" srcset=\"https:\/\/easyfairsassets.com\/sites\/102\/2019\/04\/BookARoom-horizontal.png 310w, https:\/\/easyfairsassets.com\/sites\/102\/2019\/04\/BookARoom-horizontal-300x95.png 300w\" sizes=\"(max-width: 310px) 100vw, 310px\" \/>\t\t\t\t\t\t\t\t<\/a>\n\t\t\t\t\t\t\t\t\t\t\t\t\t\t\t<\/div>\n\t\t\t\t<\/div>\n\t\t\t\t\t<\/div>\n\t\t<\/div>\n\t\t\t\t\t<\/div>\n\t\t<\/section>\n\t\t\t\t<\/div>\n\t\t","protected":false},"excerpt":{"rendered":"<p>Vous cherchez un h\u00f4tel \u00e0 proximit\u00e9? Organiser des \u00e9v\u00e9nements rime avec peu de sommeil \u2013 d\u2019accord, au figur\u00e9. Alors, pourquoi ne r\u00e9servez-vous pas un h\u00f4tel \u00e0 proximit\u00e9? D\u00e9couvrez les meilleurs prix gr\u00e2ce \u00e0 nos partenaires privil\u00e9gi\u00e9s. Van der valk hotel mechelen Rode-Kruisplein 1-4, 2800 Mechelenwww.hotel-mechelen.be R\u00e9servez votre nuit avec une r\u00e9duction de 12% *r\u00e9f\u00e9rence: EASYFAIRS [&hellip;]<\/p>\n","protected":false},"author":933,"featured_media":0,"parent":0,"menu_order":0,"comment_status":"closed","ping_status":"closed","template":"","meta":{"_seopress_robots_primary_cat":"","_seopress_titles_title":"Nekkerhal -  Brussels North | R\u00e9servez une chambre d'h\u00f4tel","_seopress_titles_desc":"Pourquoi ne r\u00e9servez-vous pas un h\u00f4tel \u00e0 proximit\u00e9 ? R\u00e9servez une chambre d'h\u00f4tel aux meilleurs prix gr\u00e2ce \u00e0 nos partenaires privil\u00e9gi\u00e9s.","_seopress_robots_index":"","footnotes":""},"class_list":["post-7153","page","type-page","status-publish","hentry"],"_links":{"self":[{"href":"https:\/\/www.nekkerhalbrusselsnorth.com\/fr\/wp-json\/wp\/v2\/pages\/7153","targetHints":{"allow":["GET"]}}],"collection":[{"href":"https:\/\/www.nekkerhalbrusselsnorth.com\/fr\/wp-json\/wp\/v2\/pages"}],"about":[{"href":"https:\/\/www.nekkerhalbrusselsnorth.com\/fr\/wp-json\/wp\/v2\/types\/page"}],"author":[{"embeddable":true,"href":"https:\/\/www.nekkerhalbrusselsnorth.com\/fr\/wp-json\/wp\/v2\/users\/933"}],"replies":[{"embeddable":true,"href":"https:\/\/www.nekkerhalbrusselsnorth.com\/fr\/wp-json\/wp\/v2\/comments?post=7153"}],"version-history":[{"count":5,"href":"https:\/\/www.nekkerhalbrusselsnorth.com\/fr\/wp-json\/wp\/v2\/pages\/7153\/revisions"}],"predecessor-version":[{"id":10412,"href":"https:\/\/www.nekkerhalbrusselsnorth.com\/fr\/wp-json\/wp\/v2\/pages\/7153\/revisions\/10412"}],"wp:attachment":[{"href":"https:\/\/www.nekkerhalbrusselsnorth.com\/fr\/wp-json\/wp\/v2\/media?parent=7153"}],"curies":[{"name":"wp","href":"https:\/\/api.w.org\/{rel}","templated":true}]}}